{"id":642,"date":"2023-08-04T14:43:49","date_gmt":"2023-08-04T14:43:49","guid":{"rendered":"https:\/\/manteigaria.com\/?page_id=642"},"modified":"2024-04-09T15:05:20","modified_gmt":"2024-04-09T15:05:20","slug":"politica-de-cookies","status":"publish","type":"page","link":"https:\/\/manteigaria.com\/es\/politica-de-cookies\/","title":{"rendered":"Pol\u00edtica de Cookies"},"content":{"rendered":"<div data-elementor-type=\"wp-page\" data-elementor-id=\"642\" class=\"elementor elementor-642\" data-elementor-post-type=\"page\">\n\t\t\t\t\t\t<section class=\"elementor-section elementor-top-section elementor-element elementor-element-9ed6972 elementor-section-items-top elementor-section-height-min-height elementor-section-full_width elementor-section-height-default\" data-id=\"9ed6972\" data-element_type=\"section\" data-settings=\"{&quot;background_background&quot;:&quot;classic&quot;}\">\n\t\t\t\t\t\t<div class=\"elementor-container elementor-column-gap-default\">\n\t\t\t\t\t<div class=\"elementor-column elementor-col-100 elementor-top-column elementor-element elementor-element-a6f1f4b\" data-id=\"a6f1f4b\" data-element_type=\"column\">\n\t\t\t<div class=\"elementor-widget-wrap elementor-element-populated\">\n\t\t\t\t\t\t<div class=\"elementor-element elementor-element-a279c33 elementor-widget elementor-widget-spacer\" data-id=\"a279c33\" data-element_type=\"widget\" data-widget_type=\"spacer.default\">\n\t\t\t\t<div class=\"elementor-widget-container\">\n\t\t\t<style>\/*! elementor - v3.22.0 - 24-06-2024 *\/\n.elementor-column .elementor-spacer-inner{height:var(--spacer-size)}.e-con{--container-widget-width:100%}.e-con-inner>.elementor-widget-spacer,.e-con>.elementor-widget-spacer{width:var(--container-widget-width,var(--spacer-size));--align-self:var(--container-widget-align-self,initial);--flex-shrink:0}.e-con-inner>.elementor-widget-spacer>.elementor-widget-container,.e-con>.elementor-widget-spacer>.elementor-widget-container{height:100%;width:100%}.e-con-inner>.elementor-widget-spacer>.elementor-widget-container>.elementor-spacer,.e-con>.elementor-widget-spacer>.elementor-widget-container>.elementor-spacer{height:100%}.e-con-inner>.elementor-widget-spacer>.elementor-widget-container>.elementor-spacer>.elementor-spacer-inner,.e-con>.elementor-widget-spacer>.elementor-widget-container>.elementor-spacer>.elementor-spacer-inner{height:var(--container-widget-height,var(--spacer-size))}.e-con-inner>.elementor-widget-spacer.elementor-widget-empty,.e-con>.elementor-widget-spacer.elementor-widget-empty{position:relative;min-height:22px;min-width:22px}.e-con-inner>.elementor-widget-spacer.elementor-widget-empty .elementor-widget-empty-icon,.e-con>.elementor-widget-spacer.elementor-widget-empty .elementor-widget-empty-icon{position:absolute;top:0;bottom:0;left:0;right:0;margin:auto;padding:0;width:22px;height:22px}<\/style>\t\t<div class=\"elementor-spacer\">\n\t\t\t<div class=\"elementor-spacer-inner\"><\/div>\n\t\t<\/div>\n\t\t\t\t<\/div>\n\t\t\t\t<\/div>\n\t\t\t\t<div class=\"elementor-element elementor-element-f67165e elementor-widget elementor-widget-heading\" data-id=\"f67165e\" data-element_type=\"widget\" data-widget_type=\"heading.default\">\n\t\t\t\t<div class=\"elementor-widget-container\">\n\t\t\t<style>\/*! elementor - v3.22.0 - 24-06-2024 *\/\n.elementor-heading-title{padding:0;margin:0;line-height:1}.elementor-widget-heading .elementor-heading-title[class*=elementor-size-]>a{color:inherit;font-size:inherit;line-height:inherit}.elementor-widget-heading .elementor-heading-title.elementor-size-small{font-size:15px}.elementor-widget-heading .elementor-heading-title.elementor-size-medium{font-size:19px}.elementor-widget-heading .elementor-heading-title.elementor-size-large{font-size:29px}.elementor-widget-heading .elementor-heading-title.elementor-size-xl{font-size:39px}.elementor-widget-heading .elementor-heading-title.elementor-size-xxl{font-size:59px}<\/style><h2 class=\"elementor-heading-title elementor-size-default\">a<\/h2>\t\t<\/div>\n\t\t\t\t<\/div>\n\t\t\t\t<div class=\"elementor-element elementor-element-233bf6e elementor-widget elementor-widget-heading\" data-id=\"233bf6e\" data-element_type=\"widget\" data-widget_type=\"heading.default\">\n\t\t\t\t<div class=\"elementor-widget-container\">\n\t\t\t<h2 class=\"elementor-heading-title elementor-size-default\">pol\u00edtica<\/h2>\t\t<\/div>\n\t\t\t\t<\/div>\n\t\t\t\t<div class=\"elementor-element elementor-element-aee9c4f elementor-widget elementor-widget-heading\" data-id=\"aee9c4f\" data-element_type=\"widget\" data-widget_type=\"heading.default\">\n\t\t\t\t<div class=\"elementor-widget-container\">\n\t\t\t<h2 class=\"elementor-heading-title elementor-size-default\">De Cookies<\/h2>\t\t<\/div>\n\t\t\t\t<\/div>\n\t\t\t\t<div class=\"elementor-element elementor-element-70adbdf elementor-nav-menu__align-center elementor-nav-menu--dropdown-none elementor-widget elementor-widget-nav-menu\" data-id=\"70adbdf\" data-element_type=\"widget\" data-settings=\"{&quot;layout&quot;:&quot;horizontal&quot;,&quot;submenu_icon&quot;:{&quot;value&quot;:&quot;&lt;i class=\\&quot;fas fa-caret-down\\&quot;&gt;&lt;\\\/i&gt;&quot;,&quot;library&quot;:&quot;fa-solid&quot;}}\" data-widget_type=\"nav-menu.default\">\n\t\t\t\t<div class=\"elementor-widget-container\">\n\t\t\t<link rel=\"stylesheet\" href=\"https:\/\/manteigaria.com\/wp-content\/plugins\/elementor-pro\/assets\/css\/widget-nav-menu.min.css\">\t\t\t<nav class=\"elementor-nav-menu--main elementor-nav-menu__container elementor-nav-menu--layout-horizontal e--pointer-underline e--animation-fade\">\n\t\t\t\t<ul id=\"menu-1-70adbdf\" class=\"elementor-nav-menu\"><li class=\"menu-item menu-item-type-post_type menu-item-object-page menu-item-510\"><a href=\"https:\/\/manteigaria.com\/es\/a-inigualavel-manteigaria\/\" class=\"elementor-item\">Manteigaria<\/a><\/li>\n<li class=\"menu-item menu-item-type-post_type menu-item-object-page menu-item-511\"><a href=\"https:\/\/manteigaria.com\/es\/o-pastel-de-nata\/\" class=\"elementor-item\">El Pastel de Nata<\/a><\/li>\n<li class=\"menu-item menu-item-type-post_type menu-item-object-page menu-item-2081\"><a href=\"https:\/\/manteigaria.com\/es\/as-nossas-fabricas\/\" class=\"elementor-item\">Nuestra F\u00e1bricas<\/a><\/li>\n<\/ul>\t\t\t<\/nav>\n\t\t\t\t\t\t<nav class=\"elementor-nav-menu--dropdown elementor-nav-menu__container\" aria-hidden=\"true\">\n\t\t\t\t<ul id=\"menu-2-70adbdf\" class=\"elementor-nav-menu\"><li class=\"menu-item menu-item-type-post_type menu-item-object-page menu-item-510\"><a href=\"https:\/\/manteigaria.com\/es\/a-inigualavel-manteigaria\/\" class=\"elementor-item\" tabindex=\"-1\">Manteigaria<\/a><\/li>\n<li class=\"menu-item menu-item-type-post_type menu-item-object-page menu-item-511\"><a href=\"https:\/\/manteigaria.com\/es\/o-pastel-de-nata\/\" class=\"elementor-item\" tabindex=\"-1\">El Pastel de Nata<\/a><\/li>\n<li class=\"menu-item menu-item-type-post_type menu-item-object-page menu-item-2081\"><a href=\"https:\/\/manteigaria.com\/es\/as-nossas-fabricas\/\" class=\"elementor-item\" tabindex=\"-1\">Nuestra F\u00e1bricas<\/a><\/li>\n<\/ul>\t\t\t<\/nav>\n\t\t\t\t<\/div>\n\t\t\t\t<\/div>\n\t\t\t\t<div class=\"elementor-element elementor-element-530b591 elementor-widget elementor-widget-spacer\" data-id=\"530b591\" data-element_type=\"widget\" data-widget_type=\"spacer.default\">\n\t\t\t\t<div class=\"elementor-widget-container\">\n\t\t\t\t\t<div class=\"elementor-spacer\">\n\t\t\t<div class=\"elementor-spacer-inner\"><\/div>\n\t\t<\/div>\n\t\t\t\t<\/div>\n\t\t\t\t<\/div>\n\t\t\t\t\t<\/div>\n\t\t<\/div>\n\t\t\t\t\t<\/div>\n\t\t<\/section>\n\t\t<div class=\"elementor-element elementor-element-dee691f e-flex e-con-boxed e-con e-parent\" data-id=\"dee691f\" data-element_type=\"container\">\n\t\t\t\t\t<div class=\"e-con-inner\">\n\t\t\t\t<div class=\"elementor-element elementor-element-b872a89 elementor-widget elementor-widget-spacer\" data-id=\"b872a89\" data-element_type=\"widget\" data-widget_type=\"spacer.default\">\n\t\t\t\t<div class=\"elementor-widget-container\">\n\t\t\t\t\t<div class=\"elementor-spacer\">\n\t\t\t<div class=\"elementor-spacer-inner\"><\/div>\n\t\t<\/div>\n\t\t\t\t<\/div>\n\t\t\t\t<\/div>\n\t\t\t\t<div class=\"elementor-element elementor-element-ce8df28 elementor-widget elementor-widget-text-editor\" data-id=\"ce8df28\" data-element_type=\"widget\" data-widget_type=\"text-editor.default\">\n\t\t\t\t<div class=\"elementor-widget-container\">\n\t\t\t<style>\/*! elementor - v3.22.0 - 24-06-2024 *\/\n.elementor-widget-text-editor.elementor-drop-cap-view-stacked .elementor-drop-cap{background-color:#69727d;color:#fff}.elementor-widget-text-editor.elementor-drop-cap-view-framed .elementor-drop-cap{color:#69727d;border:3px solid;background-color:transparent}.elementor-widget-text-editor:not(.elementor-drop-cap-view-default) .elementor-drop-cap{margin-top:8px}.elementor-widget-text-editor:not(.elementor-drop-cap-view-default) .elementor-drop-cap-letter{width:1em;height:1em}.elementor-widget-text-editor .elementor-drop-cap{float:left;text-align:center;line-height:1;font-size:50px}.elementor-widget-text-editor .elementor-drop-cap-letter{display:inline-block}<\/style>\t\t\t\t<p>A Nata da Nata Lda. (\u201cManteigaria\u201d) utiliza cookies no seu website.<\/p><p>Cookies s\u00e3o pequenos ficheiros de texto que um website armazena nos dispositivos m\u00f3veis (computadores, telem\u00f3veis ou outros) com informa\u00e7\u00f5es sobre a navega\u00e7\u00e3o dos visitantes nesse website.<\/p><p>A Nata da Nata Lda. (\u201cManteigaria\u201d) utiliza cookies, com base no seu leg\u00edtimo interesse, para permitir o adequado funcionamento do website e melhorar a experi\u00eancia de navega\u00e7\u00e3o dos visitantes (por exemplo, recordar as suas op\u00e7\u00f5es ou prefer\u00eancias evitando a introdu\u00e7\u00e3o repetida das mesmas informa\u00e7\u00f5es).<\/p><p>Adicionalmente, a Nata da Nata Lda. (\u201cManteigaria\u201d) utiliza cookies para obter informa\u00e7\u00f5es sobre os visitantes do website, nomeadamente determinar a sua origem, o n\u00famero de visitas, as datas das visitas, a sua dura\u00e7\u00e3o ou a forma como navegam no website.<\/p><p>Concretamente, este website utiliza os seguintes cookies:<\/p><p><strong>COOKIES NECESS\u00c1RIOS<\/strong><strong>\u00a0<br \/>S\u00e3o cookies instalados com o objetivo de viabilizar ou otimizar as funcionalidades oferecidas pelo website e de melhorar a experi\u00eancia de navega\u00e7\u00e3o do utilizador.<\/strong><\/p><p><strong>\u00a0<\/strong><\/p><p>PHPSESSID<\/p><p>Entidade Respons\u00e1vel: Nata da Nata Lda. (&#8220;Manteigaria&#8221;) Motivo de utiliza\u00e7\u00e3o: Viabilizar ou otimizar as funcionalidades oferecidas pelo<\/p><p>website e melhorar a experi\u00eancia de navega\u00e7\u00e3o do utilizador Validade do Cookie: cookie de sess\u00e3o Tipo de Cookie: essencial<\/p><p>xms_user<\/p><p>Entidade Respons\u00e1vel: Nata da Nata Lda. (&#8220;Manteigaria&#8221;)<\/p><p>Motivo de utiliza\u00e7\u00e3o: Viabilizar ou otimizar as funcionalidades oferecidas pelo<\/p><p>\u00a0website e melhorar a experi\u00eancia de navega\u00e7\u00e3o do utilizador Validade do Cookie: cookie persistente, eliminado no prazo de cinco dias Tipo de Cookie: essencial<\/p><p><strong>COOKIES ANAL\u00cdTICOS<\/strong><strong><br \/>S\u00e3o cookies instalados por ferramentas geridas por terceiros (Google Analytics, Google TagManager, etc.) para acompanhar a qualidade da experi\u00eancia do utilizador na navega\u00e7\u00e3o neste website<\/strong><\/p><p>_gat<\/p><p>Entidade Respons\u00e1vel: Nata da Nata Lda. (&#8220;Manteigaria&#8221;)<\/p><p>Motivo de utiliza\u00e7\u00e3o: Usado para controlar a taxa de utiliza\u00e7\u00e3o.<\/p><p>_ga<\/p><p>Entidade Respons\u00e1vel: Nata da Nata Lda. (&#8220;Manteigaria&#8221;)<\/p><p>Motivo de utiliza\u00e7\u00e3o: Usado para distinguir utilizadores Validade do Cookie: Cookie persistente, eliminado no prazo de dois anos Tipo de Cookie: anal\u00edtico<\/p><p>_gid<\/p><p>Entidade Respons\u00e1vel: Nata da Nata Lda. (&#8220;Manteigaria&#8221;)<\/p><p>Motivo de utiliza\u00e7\u00e3o: Usado para distinguir utilizadores Validade do Cookie: Cookie persistente, eliminado no prazo de um dia Tipo de Cookie: anal\u00edtico<\/p><p><strong>COOKIES DE TERCEIROS<\/strong><strong><br \/>Facebook, YouTube, Vimeo, AddThis, Google Maps e outros instrumentos geridos por terceiros podem instalar cookies para fins de partilha de conte\u00fados nas redes sociais ou de elabora\u00e7\u00e3o de estat\u00edsticas de consulta. A presen\u00e7a, o n\u00famero e o estatuto destes cookies podem depender da forma de utiliza\u00e7\u00e3o das plataformas em quest\u00e3o antes ou durante uma visita a este website. \u00c9 \u00fatil verificar qual a pol\u00edtica de gest\u00e3o dos cookies dessas redes sociais nos respetivos websites. Por vezes utilizamos servi\u00e7os web de terceiros para mostrar conte\u00fados dentro do nosso website, por exemplo, para mostrar imagens ou v\u00eddeos ou para realizar inqu\u00e9ritos. \u00c0 semelhan\u00e7a dos bot\u00f5es de partilha para redes sociais, n\u00e3o podemos evitar que estes websites ou dom\u00ednios externos recolham informa\u00e7\u00f5es acerca da utiliza\u00e7\u00e3o feita destes conte\u00fados incorporados<\/strong><\/p><p>_atuvc<\/p><p>Entidade Respons\u00e1vel: [\u2022] Motivo de utiliza\u00e7\u00e3o: Este cookie est\u00e1 associado ao widget de partilha social AddThis. Validade do Cookie: Cookie persistente, eliminado no prazo de um ano Tipo de Cookie: funcionalidade<\/p><p>_atuvs<\/p><p>Entidade Respons\u00e1vel: [\u2022] Motivo de utiliza\u00e7\u00e3o: Este cookie est\u00e1 associado ao widget de partilha social AddThis. Validade do Cookie: Cookie persistente, eliminado no prazo de trinta minutos Tipo de Cookie: funcionalidade<\/p><p>Caso n\u00e3o pretendam a utiliza\u00e7\u00e3o de cookies atrav\u00e9s desta p\u00e1gina, os visitantes podem, a qualquer momento, desativar a sua utiliza\u00e7\u00e3o no seu navegador e apagar os que se encontram guardados (variando de acordo com o navegador de internet utilizado, a desativa\u00e7\u00e3o e apagamento dos cookies \u00e9 realizado na \u00e1rea \u201cPrefer\u00eancias do navegador\u201d ou \u201cOp\u00e7\u00f5es\u201d). A desativa\u00e7\u00e3o dos cookies poder\u00e1, contudo, comprometer o adequado funcionamento do site e a normal experi\u00eancia de navega\u00e7\u00e3o.<\/p><p>Os visitantes poder\u00e3o exercer todos os seus direitos enquanto titulares de dados pessoais, nomeadamente os direitos de acesso, retifica\u00e7\u00e3o, apagamento, limita\u00e7\u00e3o ao tratamento, oposi\u00e7\u00e3o, portabilidade e retirada do consentimento, sempre que aplic\u00e1veis, nos termos legais, mediante o envio de email para\u00a0marketing@manteigaria.com sem preju\u00edzo da possibilidade de apresentar reclama\u00e7\u00e3o perante a Autoridade de Controlo competente, em Portugal, a Comiss\u00e3o Nacional de Prote\u00e7\u00e3o de Dados.<\/p><p>Caso n\u00e3o pretendam a utiliza\u00e7\u00e3o de cookies atrav\u00e9s desta p\u00e1gina, os visitantes podem, a qualquer momento, desativar a sua utiliza\u00e7\u00e3o no seu navegador e apagar os que se encontram guardados (variando de acordo com o navegador de internet utilizado, a desativa\u00e7\u00e3o e apagamento dos cookies \u00e9 realizado na \u00e1rea \u201cPrefer\u00eancias do navegador\u201d ou \u201cOp\u00e7\u00f5es\u201d). A desativa\u00e7\u00e3o dos cookies poder\u00e1, contudo, comprometer o adequado funcionamento do site e a normal experi\u00eancia de navega\u00e7\u00e3o.<\/p><p>Os visitantes poder\u00e3o exercer todos os seus direitos enquanto titulares de dados pessoais, nomeadamente os direitos de acesso, retifica\u00e7\u00e3o, apagamento, limita\u00e7\u00e3o ao tratamento, oposi\u00e7\u00e3o, portabilidade e retirada do consentimento, sempre que aplic\u00e1veis, nos termos legais, mediante o envio de email para\u00a0marketing@manteigaria.com, sem preju\u00edzo da possibilidade de apresentar reclama\u00e7\u00e3o perante a Autoridade de Controlo competente, em Portugal, a Comiss\u00e3o Nacional de Prote\u00e7\u00e3o de Dados.<\/p>\t\t\t\t\t\t<\/div>\n\t\t\t\t<\/div>\n\t\t\t\t<div class=\"elementor-element elementor-element-6eeca38 elementor-widget elementor-widget-spacer\" data-id=\"6eeca38\" data-element_type=\"widget\" data-widget_type=\"spacer.default\">\n\t\t\t\t<div class=\"elementor-widget-container\">\n\t\t\t\t\t<div class=\"elementor-spacer\">\n\t\t\t<div class=\"elementor-spacer-inner\"><\/div>\n\t\t<\/div>\n\t\t\t\t<\/div>\n\t\t\t\t<\/div>\n\t\t\t\t\t<\/div>\n\t\t\t\t<\/div>\n\t\t\t\t<\/div>","protected":false},"excerpt":{"rendered":"<p>a pol\u00edtica De Cookies A Nata da Nata Lda. (\u201cManteigaria\u201d) utiliza cookies no seu website. Cookies s\u00e3o pequenos ficheiros de texto que um website armazena nos dispositivos m\u00f3veis (computadores, telem\u00f3veis ou outros) com informa\u00e7\u00f5es sobre a navega\u00e7\u00e3o dos visitantes nesse website. A Nata da Nata Lda. (\u201cManteigaria\u201d) utiliza cookies, com base no seu leg\u00edtimo interesse, [&hellip;]<\/p>","protected":false},"author":1,"featured_media":0,"parent":0,"menu_order":0,"comment_status":"closed","ping_status":"closed","template":"elementor_header_footer","meta":{"inline_featured_image":false,"footnotes":""},"class_list":["post-642","page","type-page","status-publish","hentry"],"_links":{"self":[{"href":"https:\/\/manteigaria.com\/es\/wp-json\/wp\/v2\/pages\/642","targetHints":{"allow":["GET"]}}],"collection":[{"href":"https:\/\/manteigaria.com\/es\/wp-json\/wp\/v2\/pages"}],"about":[{"href":"https:\/\/manteigaria.com\/es\/wp-json\/wp\/v2\/types\/page"}],"author":[{"embeddable":true,"href":"https:\/\/manteigaria.com\/es\/wp-json\/wp\/v2\/users\/1"}],"replies":[{"embeddable":true,"href":"https:\/\/manteigaria.com\/es\/wp-json\/wp\/v2\/comments?post=642"}],"version-history":[{"count":13,"href":"https:\/\/manteigaria.com\/es\/wp-json\/wp\/v2\/pages\/642\/revisions"}],"predecessor-version":[{"id":1223,"href":"https:\/\/manteigaria.com\/es\/wp-json\/wp\/v2\/pages\/642\/revisions\/1223"}],"wp:attachment":[{"href":"https:\/\/manteigaria.com\/es\/wp-json\/wp\/v2\/media?parent=642"}],"curies":[{"name":"wp","href":"https:\/\/api.w.org\/{rel}","templated":true}]}}