{"id":80,"date":"2023-08-02T11:34:31","date_gmt":"2023-08-02T11:34:31","guid":{"rendered":"https:\/\/manteigaria.com\/?page_id=80"},"modified":"2025-04-30T15:30:30","modified_gmt":"2025-04-30T14:30:30","slug":"a-arte-do-sabor","status":"publish","type":"page","link":"https:\/\/manteigaria.com\/en\/","title":{"rendered":"A Arte do Sabor"},"content":{"rendered":"<div data-elementor-type=\"wp-page\" data-elementor-id=\"80\" class=\"elementor elementor-80\" data-elementor-post-type=\"page\">\n\t\t\t\t\t\t<section class=\"elementor-section elementor-top-section elementor-element elementor-element-9128d82 elementor-section-height-min-height elementor-section-boxed elementor-section-height-default elementor-section-items-middle\" data-id=\"9128d82\" data-element_type=\"section\" data-settings=\"{&quot;background_background&quot;:&quot;video&quot;,&quot;background_video_link&quot;:&quot;https:\\\/\\\/manteigaria.com\\\/wp-content\\\/uploads\\\/2023\\\/09\\\/A-Manteigaria-\\u2013-Fabrica-de-Pasteis-de-Nata.mp4&quot;,&quot;background_play_on_mobile&quot;:&quot;yes&quot;}\">\n\t\t\t\t\t\t\t\t<div class=\"elementor-background-video-container\">\n\t\t\t\t\t\t\t\t\t\t\t\t\t<video class=\"elementor-background-video-hosted elementor-html5-video\" autoplay muted playsinline loop><\/video>\n\t\t\t\t\t\t\t\t\t\t\t<\/div>\n\t\t\t\t\t\t\t\t<div class=\"elementor-container elementor-column-gap-default\">\n\t\t\t\t\t<div class=\"elementor-column elementor-col-100 elementor-top-column elementor-element elementor-element-80accce\" data-id=\"80accce\" data-element_type=\"column\">\n\t\t\t<div class=\"elementor-widget-wrap elementor-element-populated\">\n\t\t\t\t\t\t<div class=\"elementor-element elementor-element-b494a19 elementor-widget elementor-widget-spacer\" data-id=\"b494a19\" data-element_type=\"widget\" data-widget_type=\"spacer.default\">\n\t\t\t\t<div class=\"elementor-widget-container\">\n\t\t\t<style>\/*! elementor - v3.22.0 - 24-06-2024 *\/\n.elementor-column .elementor-spacer-inner{height:var(--spacer-size)}.e-con{--container-widget-width:100%}.e-con-inner>.elementor-widget-spacer,.e-con>.elementor-widget-spacer{width:var(--container-widget-width,var(--spacer-size));--align-self:var(--container-widget-align-self,initial);--flex-shrink:0}.e-con-inner>.elementor-widget-spacer>.elementor-widget-container,.e-con>.elementor-widget-spacer>.elementor-widget-container{height:100%;width:100%}.e-con-inner>.elementor-widget-spacer>.elementor-widget-container>.elementor-spacer,.e-con>.elementor-widget-spacer>.elementor-widget-container>.elementor-spacer{height:100%}.e-con-inner>.elementor-widget-spacer>.elementor-widget-container>.elementor-spacer>.elementor-spacer-inner,.e-con>.elementor-widget-spacer>.elementor-widget-container>.elementor-spacer>.elementor-spacer-inner{height:var(--container-widget-height,var(--spacer-size))}.e-con-inner>.elementor-widget-spacer.elementor-widget-empty,.e-con>.elementor-widget-spacer.elementor-widget-empty{position:relative;min-height:22px;min-width:22px}.e-con-inner>.elementor-widget-spacer.elementor-widget-empty .elementor-widget-empty-icon,.e-con>.elementor-widget-spacer.elementor-widget-empty .elementor-widget-empty-icon{position:absolute;top:0;bottom:0;left:0;right:0;margin:auto;padding:0;width:22px;height:22px}<\/style>\t\t<div class=\"elementor-spacer\">\n\t\t\t<div class=\"elementor-spacer-inner\"><\/div>\n\t\t<\/div>\n\t\t\t\t<\/div>\n\t\t\t\t<\/div>\n\t\t\t\t<div class=\"elementor-element elementor-element-df67092 hidden-by-languague elementor-widget elementor-widget-heading\" data-id=\"df67092\" data-element_type=\"widget\" data-widget_type=\"heading.default\">\n\t\t\t\t<div class=\"elementor-widget-container\">\n\t\t\t<style>\/*! elementor - v3.22.0 - 24-06-2024 *\/\n.elementor-heading-title{padding:0;margin:0;line-height:1}.elementor-widget-heading .elementor-heading-title[class*=elementor-size-]>a{color:inherit;font-size:inherit;line-height:inherit}.elementor-widget-heading .elementor-heading-title.elementor-size-small{font-size:15px}.elementor-widget-heading .elementor-heading-title.elementor-size-medium{font-size:19px}.elementor-widget-heading .elementor-heading-title.elementor-size-large{font-size:29px}.elementor-widget-heading .elementor-heading-title.elementor-size-xl{font-size:39px}.elementor-widget-heading .elementor-heading-title.elementor-size-xxl{font-size:59px}<\/style><h2 class=\"elementor-heading-title elementor-size-default\">The<\/h2>\t\t<\/div>\n\t\t\t\t<\/div>\n\t\t\t\t<div class=\"elementor-element elementor-element-95813ff elementor-widget elementor-widget-heading\" data-id=\"95813ff\" data-element_type=\"widget\" data-widget_type=\"heading.default\">\n\t\t\t\t<div class=\"elementor-widget-container\">\n\t\t\t<h2 class=\"elementor-heading-title elementor-size-default\">Art<\/h2>\t\t<\/div>\n\t\t\t\t<\/div>\n\t\t\t\t<div class=\"elementor-element elementor-element-1da9eca elementor-widget elementor-widget-heading\" data-id=\"1da9eca\" data-element_type=\"widget\" data-widget_type=\"heading.default\">\n\t\t\t\t<div class=\"elementor-widget-container\">\n\t\t\t<h2 class=\"elementor-heading-title elementor-size-default\">of Flavor<\/h2>\t\t<\/div>\n\t\t\t\t<\/div>\n\t\t\t\t<div class=\"elementor-element elementor-element-f619baa elementor-nav-menu__align-center elementor-nav-menu--dropdown-none elementor-widget elementor-widget-nav-menu\" data-id=\"f619baa\" data-element_type=\"widget\" data-settings=\"{&quot;layout&quot;:&quot;horizontal&quot;,&quot;submenu_icon&quot;:{&quot;value&quot;:&quot;&lt;i class=\\&quot;fas fa-caret-down\\&quot;&gt;&lt;\\\/i&gt;&quot;,&quot;library&quot;:&quot;fa-solid&quot;}}\" data-widget_type=\"nav-menu.default\">\n\t\t\t\t<div class=\"elementor-widget-container\">\n\t\t\t<link rel=\"stylesheet\" href=\"https:\/\/manteigaria.com\/wp-content\/plugins\/elementor-pro\/assets\/css\/widget-nav-menu.min.css\">\t\t\t<nav class=\"elementor-nav-menu--main elementor-nav-menu__container elementor-nav-menu--layout-horizontal e--pointer-underline e--animation-fade\">\n\t\t\t\t<ul id=\"menu-1-f619baa\" class=\"elementor-nav-menu\"><li class=\"menu-item menu-item-type-post_type menu-item-object-page menu-item-510\"><a href=\"https:\/\/manteigaria.com\/en\/a-inigualavel-manteigaria\/\" class=\"elementor-item\">A Manteigaria<\/a><\/li>\n<li class=\"menu-item menu-item-type-post_type menu-item-object-page menu-item-511\"><a href=\"https:\/\/manteigaria.com\/en\/o-pastel-de-nata\/\" class=\"elementor-item\">The Pastel de Nata<\/a><\/li>\n<li class=\"menu-item menu-item-type-post_type menu-item-object-page menu-item-2081\"><a href=\"https:\/\/manteigaria.com\/en\/as-nossas-fabricas\/\" class=\"elementor-item\">Our Factories<\/a><\/li>\n<\/ul>\t\t\t<\/nav>\n\t\t\t\t\t\t<nav class=\"elementor-nav-menu--dropdown elementor-nav-menu__container\" aria-hidden=\"true\">\n\t\t\t\t<ul id=\"menu-2-f619baa\" class=\"elementor-nav-menu\"><li class=\"menu-item menu-item-type-post_type menu-item-object-page menu-item-510\"><a href=\"https:\/\/manteigaria.com\/en\/a-inigualavel-manteigaria\/\" class=\"elementor-item\" tabindex=\"-1\">A Manteigaria<\/a><\/li>\n<li class=\"menu-item menu-item-type-post_type menu-item-object-page menu-item-511\"><a href=\"https:\/\/manteigaria.com\/en\/o-pastel-de-nata\/\" class=\"elementor-item\" tabindex=\"-1\">The Pastel de Nata<\/a><\/li>\n<li class=\"menu-item menu-item-type-post_type menu-item-object-page menu-item-2081\"><a href=\"https:\/\/manteigaria.com\/en\/as-nossas-fabricas\/\" class=\"elementor-item\" tabindex=\"-1\">Our Factories<\/a><\/li>\n<\/ul>\t\t\t<\/nav>\n\t\t\t\t<\/div>\n\t\t\t\t<\/div>\n\t\t\t\t\t<\/div>\n\t\t<\/div>\n\t\t\t\t\t<\/div>\n\t\t<\/section>\n\t\t<div class=\"elementor-element elementor-element-7dd00d3 elementor-hidden-desktop elementor-hidden-tablet elementor-hidden-mobile e-flex e-con-boxed e-con e-parent\" data-id=\"7dd00d3\" data-element_type=\"container\">\n\t\t\t\t\t<div class=\"e-con-inner\">\n\t\t\t\t<div class=\"elementor-element elementor-element-5e94773 sinovideo elementor-widget elementor-widget-html\" data-id=\"5e94773\" data-element_type=\"widget\" id=\"sinovideo\" data-widget_type=\"html.default\">\n\t\t\t\t<div class=\"elementor-widget-container\">\n\t\t\t<body>\n  <video id=\"video\" width=\"500\" height=\"365\" autoplay loop=\"\">\n    <source src=\"https:\/\/manteigaria.com\/wp-content\/uploads\/2023\/10\/Sino-manteigaria-pasteis-de-nata-lisboa_porto_paris.mp4\">\n    Your browser does not support the video tag.\n  <\/video>\n\n  <audio id=\"audio\" >\n    <source src=\"https:\/\/manteigaria.com\/wp-content\/uploads\/2023\/10\/sino_manteigaria_som.mp3\" type=\"audio\/mpeg\">\n    Your browser does not support the audio tag.\n  <\/audio>\n\n  <script>\n    \/\/ Get references to the video and audio elements\n    var video = document.getElementById(\"video\");\n    var audio = document.getElementById(\"audio\");\n\n    \/\/ Pause the audio initially\n    audio.pause();\n    video.pause();\n\n    \/\/ Add a mouseover event listener to the video\n    video.addEventListener(\"mouseover\", function() {\n      \/\/ Play the audio and video when the video is hovered\n      audio.play();\n      video.play();\n    });\n\n    \/\/ Add a mouseout event listener to the video\n    video.addEventListener(\"mouseout\", function() {\n      \/\/ Pause the audio and video when the mouse leaves the video\n      audio.pause();\n      video.pause();\n    });\n  <\/script>\n<\/body>\t\t<\/div>\n\t\t\t\t<\/div>\n\t\t\t\t\t<\/div>\n\t\t\t\t<\/div>\n\t\t<div class=\"elementor-element elementor-element-fb63dd2 e-flex e-con-boxed e-con e-parent\" data-id=\"fb63dd2\" data-element_type=\"container\">\n\t\t\t\t\t<div class=\"e-con-inner\">\n\t\t\t\t<div class=\"elementor-element elementor-element-b1396a4 elementor-widget elementor-widget-spacer\" data-id=\"b1396a4\" data-element_type=\"widget\" data-widget_type=\"spacer.default\">\n\t\t\t\t<div class=\"elementor-widget-container\">\n\t\t\t\t\t<div class=\"elementor-spacer\">\n\t\t\t<div class=\"elementor-spacer-inner\"><\/div>\n\t\t<\/div>\n\t\t\t\t<\/div>\n\t\t\t\t<\/div>\n\t\t\t\t\t<\/div>\n\t\t\t\t<\/div>\n\t\t<div class=\"elementor-element elementor-element-d0a0962 e-flex e-con-boxed e-con e-parent\" data-id=\"d0a0962\" data-element_type=\"container\">\n\t\t\t\t\t<div class=\"e-con-inner\">\n\t\t<div class=\"elementor-element elementor-element-40e2c09 e-con-full e-flex e-con e-child\" data-id=\"40e2c09\" data-element_type=\"container\">\n\t\t\t\t<div class=\"elementor-element elementor-element-63d545c elementor-widget elementor-widget-image\" data-id=\"63d545c\" data-element_type=\"widget\" data-widget_type=\"image.default\">\n\t\t\t\t<div class=\"elementor-widget-container\">\n\t\t\t<style>\/*! elementor - v3.22.0 - 24-06-2024 *\/\n.elementor-widget-image{text-align:center}.elementor-widget-image a{display:inline-block}.elementor-widget-image a img[src$=\".svg\"]{width:48px}.elementor-widget-image img{vertical-align:middle;display:inline-block}<\/style>\t\t\t\t\t\t\t\t\t\t<img fetchpriority=\"high\" decoding=\"async\" width=\"987\" height=\"1418\" src=\"https:\/\/manteigaria.com\/wp-content\/uploads\/2024\/03\/Manteigaria-CF014601.jpg\" class=\"attachment-full size-full wp-image-1491\" alt=\"Manteigaria - Pastel de Nata da Manteigaria - Fa\u0301brica de Paste\u0301is de Nata\" srcset=\"https:\/\/manteigaria.com\/wp-content\/uploads\/2024\/03\/Manteigaria-CF014601.jpg 987w, https:\/\/manteigaria.com\/wp-content\/uploads\/2024\/03\/Manteigaria-CF014601-209x300.jpg 209w, https:\/\/manteigaria.com\/wp-content\/uploads\/2024\/03\/Manteigaria-CF014601-713x1024.jpg 713w, https:\/\/manteigaria.com\/wp-content\/uploads\/2024\/03\/Manteigaria-CF014601-768x1103.jpg 768w, https:\/\/manteigaria.com\/wp-content\/uploads\/2024\/03\/Manteigaria-CF014601-8x12.jpg 8w, https:\/\/manteigaria.com\/wp-content\/uploads\/2024\/03\/Manteigaria-CF014601-600x862.jpg 600w\" sizes=\"(max-width: 987px) 100vw, 987px\" \/>\t\t\t\t\t\t\t\t\t\t\t\t\t<\/div>\n\t\t\t\t<\/div>\n\t\t\t\t<\/div>\n\t\t<div class=\"elementor-element elementor-element-dd7a4a9 e-con-full e-flex e-con e-child\" data-id=\"dd7a4a9\" data-element_type=\"container\">\n\t\t\t\t<div class=\"elementor-element elementor-element-1b10466 elementor-widget elementor-widget-image\" data-id=\"1b10466\" data-element_type=\"widget\" data-widget_type=\"image.default\">\n\t\t\t\t<div class=\"elementor-widget-container\">\n\t\t\t\t\t\t\t\t\t\t\t\t\t<img decoding=\"async\" width=\"467\" height=\"472\" src=\"https:\/\/manteigaria.com\/wp-content\/uploads\/2024\/03\/Cafe-na-Manteigaria-Pastel-de-Nata-da-Manteigaria-Fabrica-de-Pasteis-de-Nata-2.jpg\" class=\"attachment-full size-full wp-image-1495\" alt=\"Cafe\u0301 na Manteigaria - Pastel de Nata da Manteigaria - Fa\u0301brica de Paste\u0301is de Nata-1\" srcset=\"https:\/\/manteigaria.com\/wp-content\/uploads\/2024\/03\/Cafe-na-Manteigaria-Pastel-de-Nata-da-Manteigaria-Fabrica-de-Pasteis-de-Nata-2.jpg 467w, https:\/\/manteigaria.com\/wp-content\/uploads\/2024\/03\/Cafe-na-Manteigaria-Pastel-de-Nata-da-Manteigaria-Fabrica-de-Pasteis-de-Nata-2-297x300.jpg 297w, https:\/\/manteigaria.com\/wp-content\/uploads\/2024\/03\/Cafe-na-Manteigaria-Pastel-de-Nata-da-Manteigaria-Fabrica-de-Pasteis-de-Nata-2-12x12.jpg 12w\" sizes=\"(max-width: 467px) 100vw, 467px\" \/>\t\t\t\t\t\t\t\t\t\t\t\t\t<\/div>\n\t\t\t\t<\/div>\n\t\t\t\t<div class=\"elementor-element elementor-element-de1a154 elementor-widget elementor-widget-image\" data-id=\"de1a154\" data-element_type=\"widget\" data-widget_type=\"image.default\">\n\t\t\t\t<div class=\"elementor-widget-container\">\n\t\t\t\t\t\t\t\t\t\t\t\t\t<img decoding=\"async\" width=\"467\" height=\"472\" src=\"https:\/\/manteigaria.com\/wp-content\/uploads\/2024\/03\/Cafe-na-Manteigaria-Pastel-de-Nata-da-Manteigaria-Fabrica-de-Pasteis-de-Nata-2-1.jpg\" class=\"attachment-full size-full wp-image-1496\" alt=\"Cafe\u0301 na Manteigaria - Pastel de Nata da Manteigaria - Fa\u0301brica de Paste\u0301is de Nata\" srcset=\"https:\/\/manteigaria.com\/wp-content\/uploads\/2024\/03\/Cafe-na-Manteigaria-Pastel-de-Nata-da-Manteigaria-Fabrica-de-Pasteis-de-Nata-2-1.jpg 467w, https:\/\/manteigaria.com\/wp-content\/uploads\/2024\/03\/Cafe-na-Manteigaria-Pastel-de-Nata-da-Manteigaria-Fabrica-de-Pasteis-de-Nata-2-1-297x300.jpg 297w, https:\/\/manteigaria.com\/wp-content\/uploads\/2024\/03\/Cafe-na-Manteigaria-Pastel-de-Nata-da-Manteigaria-Fabrica-de-Pasteis-de-Nata-2-1-12x12.jpg 12w\" sizes=\"(max-width: 467px) 100vw, 467px\" \/>\t\t\t\t\t\t\t\t\t\t\t\t\t<\/div>\n\t\t\t\t<\/div>\n\t\t\t\t<div class=\"elementor-element elementor-element-1b3d2e1 elementor-widget elementor-widget-image\" data-id=\"1b3d2e1\" data-element_type=\"widget\" data-widget_type=\"image.default\">\n\t\t\t\t<div class=\"elementor-widget-container\">\n\t\t\t\t\t\t\t\t\t\t\t\t\t<img loading=\"lazy\" decoding=\"async\" width=\"467\" height=\"473\" src=\"https:\/\/manteigaria.com\/wp-content\/uploads\/2023\/09\/Take-away-Manteigaria-Pastel-de-Nata-da-Manteigaria-Fabrica-de-Pasteis-de-Nata.jpg\" class=\"attachment-full size-full wp-image-918\" alt=\"Take away Manteigaria - Pastel de Nata da Manteigaria - Fa\u0301brica de Paste\u0301is de Nata\" srcset=\"https:\/\/manteigaria.com\/wp-content\/uploads\/2023\/09\/Take-away-Manteigaria-Pastel-de-Nata-da-Manteigaria-Fabrica-de-Pasteis-de-Nata.jpg 467w, https:\/\/manteigaria.com\/wp-content\/uploads\/2023\/09\/Take-away-Manteigaria-Pastel-de-Nata-da-Manteigaria-Fabrica-de-Pasteis-de-Nata-296x300.jpg 296w\" sizes=\"(max-width: 467px) 100vw, 467px\" \/>\t\t\t\t\t\t\t\t\t\t\t\t\t<\/div>\n\t\t\t\t<\/div>\n\t\t\t\t<\/div>\n\t\t\t\t\t<\/div>\n\t\t\t\t<\/div>\n\t\t\t\t<section class=\"elementor-section elementor-top-section elementor-element elementor-element-3774d7a elementor-section-content-top elementor-section-boxed elementor-section-height-default elementor-section-height-default\" data-id=\"3774d7a\" data-element_type=\"section\">\n\t\t\t\t\t\t<div class=\"elementor-container elementor-column-gap-default\">\n\t\t\t\t\t<div class=\"elementor-column elementor-col-100 elementor-top-column elementor-element elementor-element-a356641\" data-id=\"a356641\" data-element_type=\"column\">\n\t\t\t<div class=\"elementor-widget-wrap elementor-element-populated\">\n\t\t\t\t\t\t<div class=\"elementor-element elementor-element-20d4264 elementor-widget elementor-widget-image\" data-id=\"20d4264\" data-element_type=\"widget\" data-widget_type=\"image.default\">\n\t\t\t\t<div class=\"elementor-widget-container\">\n\t\t\t\t\t\t\t\t\t\t\t\t\t<img loading=\"lazy\" decoding=\"async\" width=\"1478\" height=\"500\" src=\"https:\/\/manteigaria.com\/wp-content\/uploads\/2024\/03\/CF014616.jpg\" class=\"attachment-full size-full wp-image-1500\" alt=\"Ideias com Paste\u0301is de nata Manteigaria - Pastel de Nata da Manteigaria - Fa\u0301brica de Paste\u0301is de Nata\" srcset=\"https:\/\/manteigaria.com\/wp-content\/uploads\/2024\/03\/CF014616.jpg 1478w, https:\/\/manteigaria.com\/wp-content\/uploads\/2024\/03\/CF014616-300x101.jpg 300w, https:\/\/manteigaria.com\/wp-content\/uploads\/2024\/03\/CF014616-1024x346.jpg 1024w, https:\/\/manteigaria.com\/wp-content\/uploads\/2024\/03\/CF014616-768x260.jpg 768w, https:\/\/manteigaria.com\/wp-content\/uploads\/2024\/03\/CF014616-18x6.jpg 18w, https:\/\/manteigaria.com\/wp-content\/uploads\/2024\/03\/CF014616-600x203.jpg 600w\" sizes=\"(max-width: 1478px) 100vw, 1478px\" \/>\t\t\t\t\t\t\t\t\t\t\t\t\t<\/div>\n\t\t\t\t<\/div>\n\t\t\t\t\t<\/div>\n\t\t<\/div>\n\t\t\t\t\t<\/div>\n\t\t<\/section>\n\t\t\t\t<section class=\"elementor-section elementor-top-section elementor-element elementor-element-ccf17e6 elementor-section-boxed elementor-section-height-default elementor-section-height-default\" data-id=\"ccf17e6\" data-element_type=\"section\">\n\t\t\t\t\t\t<div class=\"elementor-container elementor-column-gap-default\">\n\t\t\t\t\t<div class=\"elementor-column elementor-col-50 elementor-top-column elementor-element elementor-element-502edd7\" data-id=\"502edd7\" data-element_type=\"column\">\n\t\t\t<div class=\"elementor-widget-wrap elementor-element-populated\">\n\t\t\t\t\t\t<div class=\"elementor-element elementor-element-27aeaca elementor-widget elementor-widget-image\" data-id=\"27aeaca\" data-element_type=\"widget\" data-widget_type=\"image.default\">\n\t\t\t\t<div class=\"elementor-widget-container\">\n\t\t\t\t\t\t\t\t\t\t\t\t\t<img loading=\"lazy\" decoding=\"async\" width=\"783\" height=\"791\" src=\"https:\/\/manteigaria.com\/wp-content\/uploads\/2023\/09\/Pasteis-de-nata-Manteigaria-Pastel-de-Nata-da-Manteigaria-Fabrica-de-Pasteis-de-Nata.jpg\" class=\"attachment-full size-full wp-image-917\" alt=\"Paste\u0301is de nata Manteigaria - Pastel de Nata da Manteigaria - Fa\u0301brica de Paste\u0301is de Nata\" srcset=\"https:\/\/manteigaria.com\/wp-content\/uploads\/2023\/09\/Pasteis-de-nata-Manteigaria-Pastel-de-Nata-da-Manteigaria-Fabrica-de-Pasteis-de-Nata.jpg 783w, https:\/\/manteigaria.com\/wp-content\/uploads\/2023\/09\/Pasteis-de-nata-Manteigaria-Pastel-de-Nata-da-Manteigaria-Fabrica-de-Pasteis-de-Nata-297x300.jpg 297w, https:\/\/manteigaria.com\/wp-content\/uploads\/2023\/09\/Pasteis-de-nata-Manteigaria-Pastel-de-Nata-da-Manteigaria-Fabrica-de-Pasteis-de-Nata-768x776.jpg 768w, https:\/\/manteigaria.com\/wp-content\/uploads\/2023\/09\/Pasteis-de-nata-Manteigaria-Pastel-de-Nata-da-Manteigaria-Fabrica-de-Pasteis-de-Nata-600x606.jpg 600w\" sizes=\"(max-width: 783px) 100vw, 783px\" \/>\t\t\t\t\t\t\t\t\t\t\t\t\t<\/div>\n\t\t\t\t<\/div>\n\t\t\t\t\t<\/div>\n\t\t<\/div>\n\t\t\t\t<div class=\"elementor-column elementor-col-50 elementor-top-column elementor-element elementor-element-9a6bf8f\" data-id=\"9a6bf8f\" data-element_type=\"column\">\n\t\t\t<div class=\"elementor-widget-wrap elementor-element-populated\">\n\t\t\t\t\t\t<div class=\"elementor-element elementor-element-903e5c7 elementor-widget__width-initial elementor-widget elementor-widget-text-editor\" data-id=\"903e5c7\" data-element_type=\"widget\" data-widget_type=\"text-editor.default\">\n\t\t\t\t<div class=\"elementor-widget-container\">\n\t\t\t<style>\/*! elementor - v3.22.0 - 24-06-2024 *\/\n.elementor-widget-text-editor.elementor-drop-cap-view-stacked .elementor-drop-cap{background-color:#69727d;color:#fff}.elementor-widget-text-editor.elementor-drop-cap-view-framed .elementor-drop-cap{color:#69727d;border:3px solid;background-color:transparent}.elementor-widget-text-editor:not(.elementor-drop-cap-view-default) .elementor-drop-cap{margin-top:8px}.elementor-widget-text-editor:not(.elementor-drop-cap-view-default) .elementor-drop-cap-letter{width:1em;height:1em}.elementor-widget-text-editor .elementor-drop-cap{float:left;text-align:center;line-height:1;font-size:50px}.elementor-widget-text-editor .elementor-drop-cap-letter{display:inline-block}<\/style>\t\t\t\t<p>When you combine the best raw materials with the mastery of artisanal production, you can only come up with something unique and delicious: <strong>Manteigaria\u2019s Pastel de Nata.<\/strong><\/p><p>With nothing to hide and a production process that is completely visible, from the dough to the oven. No secrets, everything in plain sight.<\/p><p><strong>Delight yourself with Manteigaria's Art of Flavor.<\/strong><\/p>\t\t\t\t\t\t<\/div>\n\t\t\t\t<\/div>\n\t\t\t\t\t<\/div>\n\t\t<\/div>\n\t\t\t\t\t<\/div>\n\t\t<\/section>\n\t\t<div class=\"elementor-element elementor-element-ef5f79e e-flex e-con-boxed e-con e-parent\" data-id=\"ef5f79e\" data-element_type=\"container\">\n\t\t\t\t\t<div class=\"e-con-inner\">\n\t\t\t\t<div class=\"elementor-element elementor-element-826b504 elementor-widget elementor-widget-spacer\" data-id=\"826b504\" data-element_type=\"widget\" data-widget_type=\"spacer.default\">\n\t\t\t\t<div class=\"elementor-widget-container\">\n\t\t\t\t\t<div class=\"elementor-spacer\">\n\t\t\t<div class=\"elementor-spacer-inner\"><\/div>\n\t\t<\/div>\n\t\t\t\t<\/div>\n\t\t\t\t<\/div>\n\t\t\t\t\t<\/div>\n\t\t\t\t<\/div>\n\t\t\t\t<\/div>","protected":false},"excerpt":{"rendered":"<p>A Arte do Sabor Your browser does not support the video tag. Your browser does not support the audio tag. Quando juntamos as melhores mat\u00e9rias-primas com a mestria da produ\u00e7\u00e3o artesanal, s\u00f3 pode sair algo \u00fanico e delicioso: o Pastel de Nata da Manteigaria. Sem nada a esconder, com um processo de produ\u00e7\u00e3o totalmente vis\u00edvel, [&hellip;]<\/p>","protected":false},"author":1,"featured_media":0,"parent":0,"menu_order":0,"comment_status":"closed","ping_status":"closed","template":"elementor_header_footer","meta":{"inline_featured_image":false,"footnotes":""},"class_list":["post-80","page","type-page","status-publish","hentry"],"_links":{"self":[{"href":"https:\/\/manteigaria.com\/en\/wp-json\/wp\/v2\/pages\/80","targetHints":{"allow":["GET"]}}],"collection":[{"href":"https:\/\/manteigaria.com\/en\/wp-json\/wp\/v2\/pages"}],"about":[{"href":"https:\/\/manteigaria.com\/en\/wp-json\/wp\/v2\/types\/page"}],"author":[{"embeddable":true,"href":"https:\/\/manteigaria.com\/en\/wp-json\/wp\/v2\/users\/1"}],"replies":[{"embeddable":true,"href":"https:\/\/manteigaria.com\/en\/wp-json\/wp\/v2\/comments?post=80"}],"version-history":[{"count":253,"href":"https:\/\/manteigaria.com\/en\/wp-json\/wp\/v2\/pages\/80\/revisions"}],"predecessor-version":[{"id":2472,"href":"https:\/\/manteigaria.com\/en\/wp-json\/wp\/v2\/pages\/80\/revisions\/2472"}],"wp:attachment":[{"href":"https:\/\/manteigaria.com\/en\/wp-json\/wp\/v2\/media?parent=80"}],"curies":[{"name":"wp","href":"https:\/\/api.w.org\/{rel}","templated":true}]}}